{"id":470,"date":"2018-07-20T05:48:58","date_gmt":"2018-07-20T05:48:58","guid":{"rendered":"https:\/\/www.steticamusic.com\/?page_id=470"},"modified":"2018-07-20T05:54:55","modified_gmt":"2018-07-20T05:54:55","slug":"stetica","status":"publish","type":"page","link":"https:\/\/www.steticamusic.com\/?page_id=470","title":{"rendered":"Stetica"},"content":{"rendered":"\t\t<div class=\"elementor elementor-470\">\n\t\t\t<div class=\"elementor-inner\">\n\t\t\t\t<div class=\"elementor-section-wrap\">\n\t\t\t\t\t\t\t<section data-id=\"58ac515\" class=\"elementor-element elementor-element-58ac515 elementor-section-boxed elementor-section-height-default elementor-section-height-default elementor-section elementor-top-section\" data-element_type=\"section\">\n\t\t\t\t\t\t<div class=\"elementor-container elementor-column-gap-default\">\n\t\t\t\t<div class=\"elementor-row\">\n\t\t\t\t<div data-id=\"7085947\" class=\"elementor-element elementor-element-7085947 elementor-column elementor-col-100 elementor-top-column\" data-element_type=\"column\">\n\t\t\t<div class=\"elementor-column-wrap elementor-element-populated\">\n\t\t\t\t\t<div class=\"elementor-widget-wrap\">\n\t\t\t\t<section data-id=\"967594f\" class=\"elementor-element elementor-element-967594f elementor-section-boxed elementor-section-height-default elementor-section-height-default elementor-section elementor-inner-section\" data-element_type=\"section\">\n\t\t\t\t\t\t<div class=\"elementor-container elementor-column-gap-default\">\n\t\t\t\t<div class=\"elementor-row\">\n\t\t\t\t<div data-id=\"3f4cefb\" class=\"elementor-element elementor-element-3f4cefb elementor-column elementor-col-50 elementor-inner-column\" data-element_type=\"column\">\n\t\t\t<div class=\"elementor-column-wrap elementor-element-populated\">\n\t\t\t\t\t<div class=\"elementor-widget-wrap\">\n\t\t\t\t<div data-id=\"9c4ec58\" class=\"elementor-element elementor-element-9c4ec58 elementor-widget elementor-widget-image\" data-element_type=\"image.default\">\n\t\t\t\t<div class=\"elementor-widget-container\">\n\t\t\t\t\t<div class=\"elementor-image\">\n\t\t\t\t\t\t\t\t\t\t<img width=\"1000\" height=\"853\" src=\"https:\/\/www.steticamusic.com\/wp-content\/uploads\/2018\/07\/bio.jpg\" class=\"attachment-large size-large\" alt=\"\" loading=\"lazy\" srcset=\"https:\/\/www.steticamusic.com\/wp-content\/uploads\/2018\/07\/bio.jpg 1000w, https:\/\/www.steticamusic.com\/wp-content\/uploads\/2018\/07\/bio-300x256.jpg 300w, https:\/\/www.steticamusic.com\/wp-content\/uploads\/2018\/07\/bio-768x655.jpg 768w\" sizes=\"(max-width: 1000px) 100vw, 1000px\" \/>\t\t\t\t\t\t\t\t\t\t\t<\/div>\n\t\t\t\t<\/div>\n\t\t\t\t<\/div>\n\t\t\t\t\t\t<\/div>\n\t\t\t<\/div>\n\t\t<\/div>\n\t\t\t\t<div data-id=\"1225c82\" class=\"elementor-element elementor-element-1225c82 elementor-column elementor-col-50 elementor-inner-column\" data-element_type=\"column\">\n\t\t\t<div class=\"elementor-column-wrap elementor-element-populated\">\n\t\t\t\t\t<div class=\"elementor-widget-wrap\">\n\t\t\t\t<div data-id=\"59ee305\" class=\"elementor-element elementor-element-59ee305 elementor-widget elementor-widget-text-editor\" data-element_type=\"text-editor.default\">\n\t\t\t\t<div class=\"elementor-widget-container\">\n\t\t\t\t\t<div class=\"elementor-text-editor elementor-clearfix\"><p dir=\"ltr\">\u00a0<\/p><p dir=\"ltr\">\u00a0<\/p><p dir=\"ltr\">STETICA nace como una forma de expresar nuestro amor por el arte, por la m\u00fasica, que corre por nuestras venas.<\/p><p dir=\"ltr\">La electr\u00f3nica como base, influenciada por toda esa m\u00fasica de calidad que ha pasado por nuestros o\u00eddos a lo largo de todos estos a\u00f1os, hace que nuestros sets sean una experiencia \u00fanica, un viaje musical sin una ruta pautada, donde la \u00fanica gu\u00eda es el sentimiento generado a cada minuto.<\/p><p dir=\"ltr\">Sumando experiencia, m\u00e1s de 45 a\u00f1os delante de los \u201cplatos\u201d, que no pueden acallar las mariposas que a\u00fan sentimos cada vez que nos disponemos a darle al \u201cPlay\u201d, a transmitiros todo aquello que llevamos dentro.<\/p><\/div>\n\t\t\t\t<\/div>\n\t\t\t\t<\/div>\n\t\t\t\t\t\t<\/div>\n\t\t\t<\/div>\n\t\t<\/div>\n\t\t\t\t\t\t<\/div>\n\t\t\t<\/div>\n\t\t<\/section>\n\t\t\t\t\t\t<\/div>\n\t\t\t<\/div>\n\t\t<\/div>\n\t\t\t\t\t\t<\/div>\n\t\t\t<\/div>\n\t\t<\/section>\n\t\t\t\t\t\t<\/div>\n\t\t\t<\/div>\n\t\t<\/div>\n\t\t","protected":false},"excerpt":{"rendered":"<p>STETICA nace como una forma de expresar nuestro amor por el arte, por la m\u00fasica, que corre por nuestras venas. La electr\u00f3nica como base, influenciada por toda esa m\u00fasica de calidad que ha pasado por nuestros o\u00eddos a lo largo de todos estos a\u00f1os, hace que nuestros sets sean una experiencia \u00fanica, un viaje musical [&hellip;]<\/p>\n","protected":false},"author":1,"featured_media":0,"parent":0,"menu_order":0,"comment_status":"closed","ping_status":"closed","template":"","meta":[],"_links":{"self":[{"href":"https:\/\/www.steticamusic.com\/index.php?rest_route=\/wp\/v2\/pages\/470"}],"collection":[{"href":"https:\/\/www.steticamusic.com\/index.php?rest_route=\/wp\/v2\/pages"}],"about":[{"href":"https:\/\/www.steticamusic.com\/index.php?rest_route=\/wp\/v2\/types\/page"}],"author":[{"embeddable":true,"href":"https:\/\/www.steticamusic.com\/index.php?rest_route=\/wp\/v2\/users\/1"}],"replies":[{"embeddable":true,"href":"https:\/\/www.steticamusic.com\/index.php?rest_route=%2Fwp%2Fv2%2Fcomments&post=470"}],"version-history":[{"count":5,"href":"https:\/\/www.steticamusic.com\/index.php?rest_route=\/wp\/v2\/pages\/470\/revisions"}],"predecessor-version":[{"id":477,"href":"https:\/\/www.steticamusic.com\/index.php?rest_route=\/wp\/v2\/pages\/470\/revisions\/477"}],"wp:attachment":[{"href":"https:\/\/www.steticamusic.com\/index.php?rest_route=%2Fwp%2Fv2%2Fmedia&parent=470"}],"curies":[{"name":"wp","href":"https:\/\/api.w.org\/{rel}","templated":true}]}}